{"id":65,"date":"2024-02-09T19:06:36","date_gmt":"2024-02-09T22:06:36","guid":{"rendered":"https:\/\/mtp.com.ar\/?page_id=65"},"modified":"2024-02-09T20:17:01","modified_gmt":"2024-02-09T23:17:01","slug":"contactenos","status":"publish","type":"page","link":"https:\/\/mtp.com.ar\/?page_id=65","title":{"rendered":"Cont\u00e1ctenos"},"content":{"rendered":"\n<h2 class=\"wp-block-heading\">Cont\u00e1ctenos para que podamos darle mas informaci\u00f3n<\/h2>\n\n\n\n<div class=\"wpcf7 no-js\" id=\"wpcf7-f64-o1\" lang=\"es-AR\" dir=\"ltr\">\n<div class=\"screen-reader-response\"><p role=\"status\" aria-live=\"polite\" aria-atomic=\"true\"><\/p> <ul><\/ul><\/div>\n<form action=\"\/index.php?rest_route=%2Fwp%2Fv2%2Fpages%2F65#wpcf7-f64-o1\" method=\"post\" class=\"wpcf7-form init\" aria-label=\"Formulario de contacto\" novalidate=\"novalidate\" data-status=\"init\">\n<div style=\"display: none;\">\n<input type=\"hidden\" name=\"_wpcf7\" value=\"64\" \/>\n<input type=\"hidden\" name=\"_wpcf7_version\" value=\"5.8.7\" \/>\n<input type=\"hidden\" name=\"_wpcf7_locale\" value=\"es_AR\" \/>\n<input type=\"hidden\" name=\"_wpcf7_unit_tag\" value=\"wpcf7-f64-o1\" \/>\n<input type=\"hidden\" name=\"_wpcf7_container_post\" value=\"0\" \/>\n<input type=\"hidden\" name=\"_wpcf7_posted_data_hash\" value=\"\" \/>\n<input type=\"hidden\" name=\"_wpcf7_recaptcha_response\" value=\"\" \/>\n<\/div>\n<p><label> Su nombre<br \/>\n<span class=\"wpcf7-form-control-wrap\" data-name=\"your-name\"><input size=\"40\" class=\"wpcf7-form-control wpcf7-text wpcf7-validates-as-required\" autocomplete=\"name\" aria-required=\"true\" aria-invalid=\"false\" value=\"\" type=\"text\" name=\"your-name\" \/><\/span> <\/label>\n<\/p>\n<p><label> Su correo electr\u00f3nico<br \/>\n<span class=\"wpcf7-form-control-wrap\" data-name=\"your-email\"><input size=\"40\" class=\"wpcf7-form-control wpcf7-email wpcf7-validates-as-required wpcf7-text wpcf7-validates-as-email\" autocomplete=\"email\" aria-required=\"true\" aria-invalid=\"false\" value=\"\" type=\"email\" name=\"your-email\" \/><\/span> <\/label>\n<\/p>\n<p><label> Su Tel\u00e9fono (opcional)<br \/>\n<span class=\"wpcf7-form-control-wrap\" data-name=\"tel-775\"><input size=\"40\" class=\"wpcf7-form-control wpcf7-tel wpcf7-text wpcf7-validates-as-tel\" aria-invalid=\"false\" value=\"\" type=\"tel\" name=\"tel-775\" \/><\/span><\/label>\n<\/p>\n<p><label> Tu mensaje<br \/>\n<span class=\"wpcf7-form-control-wrap\" data-name=\"your-message\"><textarea cols=\"40\" rows=\"10\" class=\"wpcf7-form-control wpcf7-textarea wpcf7-validates-as-required\" aria-required=\"true\" aria-invalid=\"false\" name=\"your-message\"><\/textarea><\/span> <\/label>\n<\/p>\n<p><span class=\"wpcf7-form-control-wrap\" data-name=\"acceptance-633\"><span class=\"wpcf7-form-control wpcf7-acceptance\"><span class=\"wpcf7-list-item\"><label><input type=\"checkbox\" name=\"acceptance-633\" value=\"1\" aria-invalid=\"false\" \/><span class=\"wpcf7-list-item-label\">He le\u00eddo y acepto los t\u00e9rminos de las <a href=\"https:\/\/mtp.com.ar\/?page_id=71\" target=\"_blank\">Pol\u00edticas de privacidad<\/a><\/span><\/label><\/span><\/span><\/span>\n<\/p>\n<p><input class=\"wpcf7-form-control wpcf7-submit has-spinner\" type=\"submit\" value=\"Enviar\" \/>\n<\/p><div class=\"wpcf7-response-output\" aria-hidden=\"true\"><\/div>\n<\/form>\n<\/div>\n\n","protected":false},"excerpt":{"rendered":"<p>Cont\u00e1ctenos para que podamos darle mas informaci\u00f3n<\/p>\n","protected":false},"author":1,"featured_media":0,"parent":0,"menu_order":0,"comment_status":"closed","ping_status":"closed","template":"","meta":{"_monsterinsights_skip_tracking":false,"_monsterinsights_sitenote_active":false,"_monsterinsights_sitenote_note":"","_monsterinsights_sitenote_category":0,"footnotes":""},"class_list":["post-65","page","type-page","status-publish","hentry"],"yoast_head":"<!-- This site is optimized with the Yoast SEO plugin v22.0 - https:\/\/yoast.com\/wordpress\/plugins\/seo\/ -->\n<title>Cont\u00e1ctenos - MTP Sistemas<\/title>\n<meta name=\"robots\" content=\"index, follow, max-snippet:-1, max-image-preview:large, max-video-preview:-1\" \/>\n<link rel=\"canonical\" href=\"https:\/\/mtp.com.ar\/?page_id=65\" \/>\n<meta property=\"og:locale\" content=\"es_ES\" \/>\n<meta property=\"og:type\" content=\"article\" \/>\n<meta property=\"og:title\" content=\"Cont\u00e1ctenos - MTP Sistemas\" \/>\n<meta property=\"og:description\" content=\"Cont\u00e1ctenos para que podamos darle mas informaci\u00f3n\" \/>\n<meta property=\"og:url\" content=\"https:\/\/mtp.com.ar\/?page_id=65\" \/>\n<meta property=\"og:site_name\" content=\"MTP Sistemas\" \/>\n<meta property=\"article:modified_time\" content=\"2024-02-09T23:17:01+00:00\" \/>\n<meta name=\"twitter:card\" content=\"summary_large_image\" \/>\n<script type=\"application\/ld+json\" class=\"yoast-schema-graph\">{\"@context\":\"https:\/\/schema.org\",\"@graph\":[{\"@type\":\"WebPage\",\"@id\":\"https:\/\/mtp.com.ar\/?page_id=65\",\"url\":\"https:\/\/mtp.com.ar\/?page_id=65\",\"name\":\"Cont\u00e1ctenos - MTP Sistemas\",\"isPartOf\":{\"@id\":\"https:\/\/mtp.com.ar\/#website\"},\"datePublished\":\"2024-02-09T22:06:36+00:00\",\"dateModified\":\"2024-02-09T23:17:01+00:00\",\"breadcrumb\":{\"@id\":\"https:\/\/mtp.com.ar\/?page_id=65#breadcrumb\"},\"inLanguage\":\"es-AR\",\"potentialAction\":[{\"@type\":\"ReadAction\",\"target\":[\"https:\/\/mtp.com.ar\/?page_id=65\"]}]},{\"@type\":\"BreadcrumbList\",\"@id\":\"https:\/\/mtp.com.ar\/?page_id=65#breadcrumb\",\"itemListElement\":[{\"@type\":\"ListItem\",\"position\":1,\"name\":\"Inicio\",\"item\":\"https:\/\/mtp.com.ar\/\"},{\"@type\":\"ListItem\",\"position\":2,\"name\":\"Cont\u00e1ctenos\"}]},{\"@type\":\"WebSite\",\"@id\":\"https:\/\/mtp.com.ar\/#website\",\"url\":\"https:\/\/mtp.com.ar\/\",\"name\":\"MTP Sistemas\",\"description\":\"Una empresa donde todo es posible\",\"publisher\":{\"@id\":\"https:\/\/mtp.com.ar\/#organization\"},\"alternateName\":\"ODIN\",\"potentialAction\":[{\"@type\":\"SearchAction\",\"target\":{\"@type\":\"EntryPoint\",\"urlTemplate\":\"https:\/\/mtp.com.ar\/?s={search_term_string}\"},\"query-input\":\"required name=search_term_string\"}],\"inLanguage\":\"es-AR\"},{\"@type\":\"Organization\",\"@id\":\"https:\/\/mtp.com.ar\/#organization\",\"name\":\"MTP Sistemas\",\"url\":\"https:\/\/mtp.com.ar\/\",\"logo\":{\"@type\":\"ImageObject\",\"inLanguage\":\"es-AR\",\"@id\":\"https:\/\/mtp.com.ar\/#\/schema\/logo\/image\/\",\"url\":\"https:\/\/mtp.com.ar\/wp-content\/uploads\/2023\/12\/logo.png\",\"contentUrl\":\"https:\/\/mtp.com.ar\/wp-content\/uploads\/2023\/12\/logo.png\",\"width\":734,\"height\":323,\"caption\":\"MTP Sistemas\"},\"image\":{\"@id\":\"https:\/\/mtp.com.ar\/#\/schema\/logo\/image\/\"},\"sameAs\":[\"https:\/\/www.instagram.com\/odin.sistema\/\"]}]}<\/script>\n<!-- \/ Yoast SEO plugin. -->","yoast_head_json":{"title":"Cont\u00e1ctenos - MTP Sistemas","robots":{"index":"index","follow":"follow","max-snippet":"max-snippet:-1","max-image-preview":"max-image-preview:large","max-video-preview":"max-video-preview:-1"},"canonical":"https:\/\/mtp.com.ar\/?page_id=65","og_locale":"es_ES","og_type":"article","og_title":"Cont\u00e1ctenos - MTP Sistemas","og_description":"Cont\u00e1ctenos para que podamos darle mas informaci\u00f3n","og_url":"https:\/\/mtp.com.ar\/?page_id=65","og_site_name":"MTP Sistemas","article_modified_time":"2024-02-09T23:17:01+00:00","twitter_card":"summary_large_image","schema":{"@context":"https:\/\/schema.org","@graph":[{"@type":"WebPage","@id":"https:\/\/mtp.com.ar\/?page_id=65","url":"https:\/\/mtp.com.ar\/?page_id=65","name":"Cont\u00e1ctenos - MTP Sistemas","isPartOf":{"@id":"https:\/\/mtp.com.ar\/#website"},"datePublished":"2024-02-09T22:06:36+00:00","dateModified":"2024-02-09T23:17:01+00:00","breadcrumb":{"@id":"https:\/\/mtp.com.ar\/?page_id=65#breadcrumb"},"inLanguage":"es-AR","potentialAction":[{"@type":"ReadAction","target":["https:\/\/mtp.com.ar\/?page_id=65"]}]},{"@type":"BreadcrumbList","@id":"https:\/\/mtp.com.ar\/?page_id=65#breadcrumb","itemListElement":[{"@type":"ListItem","position":1,"name":"Inicio","item":"https:\/\/mtp.com.ar\/"},{"@type":"ListItem","position":2,"name":"Cont\u00e1ctenos"}]},{"@type":"WebSite","@id":"https:\/\/mtp.com.ar\/#website","url":"https:\/\/mtp.com.ar\/","name":"MTP Sistemas","description":"Una empresa donde todo es posible","publisher":{"@id":"https:\/\/mtp.com.ar\/#organization"},"alternateName":"ODIN","potentialAction":[{"@type":"SearchAction","target":{"@type":"EntryPoint","urlTemplate":"https:\/\/mtp.com.ar\/?s={search_term_string}"},"query-input":"required name=search_term_string"}],"inLanguage":"es-AR"},{"@type":"Organization","@id":"https:\/\/mtp.com.ar\/#organization","name":"MTP Sistemas","url":"https:\/\/mtp.com.ar\/","logo":{"@type":"ImageObject","inLanguage":"es-AR","@id":"https:\/\/mtp.com.ar\/#\/schema\/logo\/image\/","url":"https:\/\/mtp.com.ar\/wp-content\/uploads\/2023\/12\/logo.png","contentUrl":"https:\/\/mtp.com.ar\/wp-content\/uploads\/2023\/12\/logo.png","width":734,"height":323,"caption":"MTP Sistemas"},"image":{"@id":"https:\/\/mtp.com.ar\/#\/schema\/logo\/image\/"},"sameAs":["https:\/\/www.instagram.com\/odin.sistema\/"]}]}},"_links":{"self":[{"href":"https:\/\/mtp.com.ar\/index.php?rest_route=\/wp\/v2\/pages\/65","targetHints":{"allow":["GET"]}}],"collection":[{"href":"https:\/\/mtp.com.ar\/index.php?rest_route=\/wp\/v2\/pages"}],"about":[{"href":"https:\/\/mtp.com.ar\/index.php?rest_route=\/wp\/v2\/types\/page"}],"author":[{"embeddable":true,"href":"https:\/\/mtp.com.ar\/index.php?rest_route=\/wp\/v2\/users\/1"}],"replies":[{"embeddable":true,"href":"https:\/\/mtp.com.ar\/index.php?rest_route=%2Fwp%2Fv2%2Fcomments&post=65"}],"version-history":[{"count":2,"href":"https:\/\/mtp.com.ar\/index.php?rest_route=\/wp\/v2\/pages\/65\/revisions"}],"predecessor-version":[{"id":80,"href":"https:\/\/mtp.com.ar\/index.php?rest_route=\/wp\/v2\/pages\/65\/revisions\/80"}],"wp:attachment":[{"href":"https:\/\/mtp.com.ar\/index.php?rest_route=%2Fwp%2Fv2%2Fmedia&parent=65"}],"curies":[{"name":"wp","href":"https:\/\/api.w.org\/{rel}","templated":true}]}}